{"id":2975,"date":"2024-11-30T14:47:49","date_gmt":"2024-11-30T19:47:49","guid":{"rendered":"https:\/\/www.modixeco.ca\/?page_id=2975"},"modified":"2024-12-01T08:19:00","modified_gmt":"2024-12-01T13:19:00","slug":"whoarewe","status":"publish","type":"page","link":"https:\/\/www.modixplastique.ca\/fr\/whoarewe\/","title":{"rendered":"whoarewe"},"content":{"rendered":"<div data-elementor-type=\"wp-page\" data-elementor-id=\"2975\" class=\"elementor elementor-2975\" data-elementor-post-type=\"page\">\n\t\t\t\t<div class=\"elementor-element elementor-element-d533663 e-flex e-con-boxed e-con e-parent\" data-id=\"d533663\" data-element_type=\"container\" data-e-type=\"container\" data-settings=\"{&quot;background_background&quot;:&quot;classic&quot;}\">\n\t\t\t\t\t<div class=\"e-con-inner\">\n\t\t\t\t<div class=\"elementor-element elementor-element-45db758 elementor-widget elementor-widget-heading\" data-id=\"45db758\" data-element_type=\"widget\" data-e-type=\"widget\" data-widget_type=\"heading.default\">\n\t\t\t\t\t<h1 class=\"elementor-heading-title elementor-size-default\">Modix Plastique Inc.<\/h1>\t\t\t\t<\/div>\n\t\t\t\t\t<\/div>\n\t\t\t\t<\/div>\n\t\t<div class=\"elementor-element elementor-element-6216e19 e-flex e-con-boxed e-con e-parent\" data-id=\"6216e19\" data-element_type=\"container\" data-e-type=\"container\">\n\t\t\t\t\t<div class=\"e-con-inner\">\n\t\t\t\t<div class=\"elementor-element elementor-element-08c6b95 elementor-nav-menu--dropdown-tablet elementor-nav-menu__text-align-aside elementor-nav-menu--toggle elementor-nav-menu--burger elementor-widget elementor-widget-nav-menu\" data-id=\"08c6b95\" data-element_type=\"widget\" data-e-type=\"widget\" data-settings=\"{&quot;layout&quot;:&quot;horizontal&quot;,&quot;submenu_icon&quot;:{&quot;value&quot;:&quot;&lt;svg class=\\&quot;e-font-icon-svg e-fas-caret-down\\&quot; viewBox=\\&quot;0 0 320 512\\&quot; xmlns=\\&quot;http:\\\/\\\/www.w3.org\\\/2000\\\/svg\\&quot;&gt;&lt;path d=\\&quot;M31.3 192h257.3c17.8 0 26.7 21.5 14.1 34.1L174.1 354.8c-7.8 7.8-20.5 7.8-28.3 0L17.2 226.1C4.6 213.5 13.5 192 31.3 192z\\&quot;&gt;&lt;\\\/path&gt;&lt;\\\/svg&gt;&quot;,&quot;library&quot;:&quot;fa-solid&quot;},&quot;toggle&quot;:&quot;burger&quot;}\" data-widget_type=\"nav-menu.default\">\n\t\t\t\t\t\t\t\t<nav aria-label=\"Menu\" class=\"elementor-nav-menu--main elementor-nav-menu__container elementor-nav-menu--layout-horizontal e--pointer-underline e--animation-fade\">\n\t\t\t\t<ul id=\"menu-1-08c6b95\" class=\"elementor-nav-menu\"><li class=\"menu-item menu-item-type-post_type menu-item-object-page menu-item-3065\"><a href=\"https:\/\/www.modixplastique.ca\/fr\/modixplastique\/\" class=\"elementor-item menu-link\">Modix Plastique Home<\/a><\/li>\n<li class=\"menu-item menu-item-type-post_type menu-item-object-page menu-item-3085\"><a href=\"https:\/\/www.modixplastique.ca\/fr\/whoarewe\/\" class=\"elementor-item menu-link\">Who are we<\/a><\/li>\n<li class=\"menu-item menu-item-type-post_type menu-item-object-page menu-item-3086\"><a href=\"https:\/\/www.modixplastique.ca\/fr\/products\/\" class=\"elementor-item menu-link\">What we do<\/a><\/li>\n<li class=\"menu-item menu-item-type-post_type menu-item-object-page menu-item-3087\"><a href=\"https:\/\/www.modixplastique.ca\/fr\/plastiqueservice\/\" class=\"elementor-item menu-link\">Services<\/a><\/li>\n<li class=\"menu-item menu-item-type-post_type menu-item-object-page menu-item-3093\"><a href=\"https:\/\/www.modixplastique.ca\/fr\/term\/\" class=\"elementor-item menu-link\">Terms and conditions<\/a><\/li>\n<\/ul>\t\t\t<\/nav>\n\t\t\t\t\t<div class=\"elementor-menu-toggle\" role=\"button\" tabindex=\"0\" aria-label=\"Permuter le menu\" aria-expanded=\"false\">\n\t\t\t<svg aria-hidden=\"true\" role=\"presentation\" class=\"elementor-menu-toggle__icon--open e-font-icon-svg e-eicon-menu-bar\" viewbox=\"0 0 1000 1000\" xmlns=\"http:\/\/www.w3.org\/2000\/svg\"><path d=\"M104 333H896C929 333 958 304 958 271S929 208 896 208H104C71 208 42 237 42 271S71 333 104 333ZM104 583H896C929 583 958 554 958 521S929 458 896 458H104C71 458 42 487 42 521S71 583 104 583ZM104 833H896C929 833 958 804 958 771S929 708 896 708H104C71 708 42 737 42 771S71 833 104 833Z\"><\/path><\/svg><svg aria-hidden=\"true\" role=\"presentation\" class=\"elementor-menu-toggle__icon--close e-font-icon-svg e-eicon-close\" viewbox=\"0 0 1000 1000\" xmlns=\"http:\/\/www.w3.org\/2000\/svg\"><path d=\"M742 167L500 408 258 167C246 154 233 150 217 150 196 150 179 158 167 167 154 179 150 196 150 212 150 229 154 242 171 254L408 500 167 742C138 771 138 800 167 829 196 858 225 858 254 829L496 587 738 829C750 842 767 846 783 846 800 846 817 842 829 829 842 817 846 804 846 783 846 767 842 750 829 737L588 500 833 258C863 229 863 200 833 171 804 137 775 137 742 167Z\"><\/path><\/svg>\t\t<\/div>\n\t\t\t\t\t<nav class=\"elementor-nav-menu--dropdown elementor-nav-menu__container\" aria-hidden=\"true\">\n\t\t\t\t<ul id=\"menu-2-08c6b95\" class=\"elementor-nav-menu\"><li class=\"menu-item menu-item-type-post_type menu-item-object-page menu-item-3065\"><a href=\"https:\/\/www.modixplastique.ca\/fr\/modixplastique\/\" class=\"elementor-item menu-link\" tabindex=\"-1\">Modix Plastique Home<\/a><\/li>\n<li class=\"menu-item menu-item-type-post_type menu-item-object-page menu-item-3085\"><a href=\"https:\/\/www.modixplastique.ca\/fr\/whoarewe\/\" class=\"elementor-item menu-link\" tabindex=\"-1\">Who are we<\/a><\/li>\n<li class=\"menu-item menu-item-type-post_type menu-item-object-page menu-item-3086\"><a href=\"https:\/\/www.modixplastique.ca\/fr\/products\/\" class=\"elementor-item menu-link\" tabindex=\"-1\">What we do<\/a><\/li>\n<li class=\"menu-item menu-item-type-post_type menu-item-object-page menu-item-3087\"><a href=\"https:\/\/www.modixplastique.ca\/fr\/plastiqueservice\/\" class=\"elementor-item menu-link\" tabindex=\"-1\">Services<\/a><\/li>\n<li class=\"menu-item menu-item-type-post_type menu-item-object-page menu-item-3093\"><a href=\"https:\/\/www.modixplastique.ca\/fr\/term\/\" class=\"elementor-item menu-link\" tabindex=\"-1\">Terms and conditions<\/a><\/li>\n<\/ul>\t\t\t<\/nav>\n\t\t\t\t\t\t<\/div>\n\t\t\t\t\t<\/div>\n\t\t\t\t<\/div>\n\t\t<div class=\"elementor-element elementor-element-a0da869 e-flex e-con-boxed e-con e-parent\" data-id=\"a0da869\" data-element_type=\"container\" data-e-type=\"container\">\n\t\t\t\t\t<div class=\"e-con-inner\">\n\t\t\t\t<div class=\"elementor-element elementor-element-3dad5c4 elementor-widget elementor-widget-heading\" data-id=\"3dad5c4\" data-element_type=\"widget\" data-e-type=\"widget\" data-widget_type=\"heading.default\">\n\t\t\t\t\t<h5 class=\"elementor-heading-title elementor-size-default\">A propos de nous<\/h5>\t\t\t\t<\/div>\n\t\t<div class=\"elementor-element elementor-element-5448c59 e-con-full e-flex e-con e-child\" data-id=\"5448c59\" data-element_type=\"container\" data-e-type=\"container\">\n\t\t\t\t<div class=\"elementor-element elementor-element-8013f49 elementor-widget elementor-widget-image\" data-id=\"8013f49\" data-element_type=\"widget\" data-e-type=\"widget\" data-widget_type=\"image.default\">\n\t\t\t\t\t\t\t\t\t\t\t\t\t\t\t<img fetchpriority=\"high\" decoding=\"async\" width=\"1024\" height=\"768\" src=\"https:\/\/www.modixeco.ca\/wp-content\/uploads\/2024\/10\/teck-1024x768.jpg\" class=\"attachment-large size-large wp-image-2640\" alt=\"\" srcset=\"https:\/\/www.modixeco.ca\/wp-content\/uploads\/2024\/10\/teck-1024x768.jpg 1024w, https:\/\/www.modixeco.ca\/wp-content\/uploads\/2024\/10\/teck-300x225.jpg 300w, https:\/\/www.modixeco.ca\/wp-content\/uploads\/2024\/10\/teck-768x576.jpg 768w, https:\/\/www.modixeco.ca\/wp-content\/uploads\/2024\/10\/teck.jpg 1440w\" sizes=\"(max-width: 1024px) 100vw, 1024px\" \/>\t\t\t\t\t\t\t\t\t\t\t\t\t\t\t<\/div>\n\t\t\t\t<div class=\"elementor-element elementor-element-9ef6598 elementor-widget elementor-widget-text-editor\" data-id=\"9ef6598\" data-element_type=\"widget\" data-e-type=\"widget\" data-widget_type=\"text-editor.default\">\n\t\t\t\t\t\t\t\t\t<p>Modix Plastique Inc is manufacture of high-quality LDPE Reprocessed resins by operating a full treatment of Post-consumer plastic LDPE films collected by the recycling centres and other sources mainly in Qu\u00e9bec and across the North America.<\/p><p><span style=\"font-style: inherit; font-weight: inherit; color: var( --e-global-color-text ); font-family: var( --e-global-typography-text-font-family ), Sans-serif; text-align: var(--text-align);\">The mission of Modix is boosting the circular economy by giving a second life to the plastic wastes, thanks for the added value created by our scientists and operators, the scrap has been transformed into excellent raw material that can be used by various plastic product manufactures.<\/span><\/p><p><span style=\"font-style: inherit; font-weight: inherit; color: var( --e-global-color-text ); font-family: var( --e-global-typography-text-font-family ), Sans-serif; text-align: var(--text-align);\">Modix Plastique is constantly improving its technology in order to reduce the volume of plastic scraps going to the landfill and cut down the usage of virgin pellets in plastic production industry.<\/span><\/p><p><span style=\"font-style: inherit; font-weight: inherit; color: var( --e-global-color-text ); font-family: var( --e-global-typography-text-font-family ), Sans-serif; text-align: var(--text-align);\">Nous travaillons avec de plus en plus de partenaires pour r\u00e9duire l'impact environnemental et mieux contribuer au d\u00e9veloppement durable des communaut\u00e9s locales dans le monde entier.<\/span><\/p>\t\t\t\t\t\t\t\t<\/div>\n\t\t\t\t<\/div>\n\t\t\t\t\t<\/div>\n\t\t\t\t<\/div>\n\t\t<div class=\"elementor-element elementor-element-016a0fd e-flex e-con-boxed e-con e-parent\" data-id=\"016a0fd\" data-element_type=\"container\" data-e-type=\"container\">\n\t\t\t\t\t<div class=\"e-con-inner\">\n\t\t\t\t<div class=\"elementor-element elementor-element-bc65ec5 elementor-widget elementor-widget-heading\" data-id=\"bc65ec5\" data-element_type=\"widget\" data-e-type=\"widget\" data-widget_type=\"heading.default\">\n\t\t\t\t\t<h5 class=\"elementor-heading-title elementor-size-default\">Modix empower the circular economy <\/h5>\t\t\t\t<\/div>\n\t\t<div class=\"elementor-element elementor-element-a5c0313 e-flex e-con-boxed e-con e-child\" data-id=\"a5c0313\" data-element_type=\"container\" data-e-type=\"container\">\n\t\t\t\t\t<div class=\"e-con-inner\">\n\t\t\t\t<div class=\"elementor-element elementor-element-8b3728f elementor-widget elementor-widget-text-editor\" data-id=\"8b3728f\" data-element_type=\"widget\" data-e-type=\"widget\" data-widget_type=\"text-editor.default\">\n\t\t\t\t\t\t\t\t\t<p>In 2020, Modix has treated more than 2 000 MT of plastic scraps generated by the local community. The engagement of Modix helped to save over 1 000 tonnes of Carbon emission and 5 000 Tonnes of crude oil, 8 000 M3 of landfill. (A chart will be needed to show these numbers)<\/p><p><span style=\"font-style: inherit; font-weight: inherit; color: var( --e-global-color-text ); font-family: var( --e-global-typography-text-font-family ), Sans-serif; text-align: var(--text-align);\">La plupart des d\u00e9chets plastiques provenaient des installations de recyclage locales. Toutes les granules retrait\u00e9es fabriqu\u00e9es \u00e0 partir de ces d\u00e9chets plastiques sont retourn\u00e9es dans la cha\u00eene de valeur de l'\u00e9conomie circulaire et contribuent \u00e0 leur seconde vie dans de nombreux secteurs diff\u00e9rents tels que la construction, les nouveaux mat\u00e9riaux composites, les emballages souples, etc.<\/span><\/p>\t\t\t\t\t\t\t\t<\/div>\n\t\t\t\t<div class=\"elementor-element elementor-element-76794da elementor-widget elementor-widget-image\" data-id=\"76794da\" data-element_type=\"widget\" data-e-type=\"widget\" data-widget_type=\"image.default\">\n\t\t\t\t\t\t\t\t\t\t\t\t\t\t\t<img decoding=\"async\" width=\"827\" height=\"818\" src=\"https:\/\/www.modixeco.ca\/wp-content\/uploads\/2024\/11\/recycledContent.jpg\" class=\"attachment-large size-large wp-image-2998\" alt=\"\" srcset=\"https:\/\/www.modixeco.ca\/wp-content\/uploads\/2024\/11\/recycledContent.jpg 827w, https:\/\/www.modixeco.ca\/wp-content\/uploads\/2024\/11\/recycledContent-300x297.jpg 300w, https:\/\/www.modixeco.ca\/wp-content\/uploads\/2024\/11\/recycledContent-768x760.jpg 768w, https:\/\/www.modixeco.ca\/wp-content\/uploads\/2024\/11\/recycledContent-12x12.jpg 12w\" sizes=\"(max-width: 827px) 100vw, 827px\" \/>\t\t\t\t\t\t\t\t\t\t\t\t\t\t\t<\/div>\n\t\t\t\t\t<\/div>\n\t\t\t\t<\/div>\n\t\t\t\t\t<\/div>\n\t\t\t\t<\/div>\n\t\t\t\t<\/div>","protected":false},"excerpt":{"rendered":"<p>Modix Plastique Inc. About us Modix Plastique Inc is manufacture of high-quality LDPE Reprocessed resins by operating a full treatment of Post-consumer plastic LDPE films collected by the recycling centres and other sources mainly in Qu\u00e9bec and across the North America. The mission of Modix is boosting the circular economy by giving a second life [&hellip;]<\/p>\n","protected":false},"author":1,"featured_media":0,"parent":0,"menu_order":0,"comment_status":"closed","ping_status":"closed","template":"","meta":{"_uag_custom_page_level_css":"","_monsterinsights_skip_tracking":false,"_monsterinsights_sitenote_active":false,"_monsterinsights_sitenote_note":"","_monsterinsights_sitenote_category":0,"site-sidebar-layout":"no-sidebar","site-content-layout":"page-builder","ast-site-content-layout":"full-width-container","site-content-style":"default","site-sidebar-style":"default","ast-global-header-display":"","ast-banner-title-visibility":"","ast-main-header-display":"","ast-hfb-above-header-display":"","ast-hfb-below-header-display":"","ast-hfb-mobile-header-display":"","site-post-title":"disabled","ast-breadcrumbs-content":"","ast-featured-img":"disabled","footer-sml-layout":"","theme-transparent-header-meta":"","adv-header-id-meta":"","stick-header-meta":"","header-above-stick-meta":"","header-main-stick-meta":"","header-below-stick-meta":"","astra-migrate-meta-layouts":"default","ast-page-background-enabled":"default","ast-page-background-meta":{"desktop":{"background-color":"","background-image":"","background-repeat":"repeat","background-position":"center center","background-size":"auto","background-attachment":"scroll","background-type":"","background-media":"","overlay-type":"","overlay-color":"","overlay-opacity":"","overlay-gradient":""},"tablet":{"background-color":"","background-image":"","background-repeat":"repeat","background-position":"center center","background-size":"auto","background-attachment":"scroll","background-type":"","background-media":"","overlay-type":"","overlay-color":"","overlay-opacity":"","overlay-gradient":""},"mobile":{"background-color":"","background-image":"","background-repeat":"repeat","background-position":"center center","background-size":"auto","background-attachment":"scroll","background-type":"","background-media":"","overlay-type":"","overlay-color":"","overlay-opacity":"","overlay-gradient":""}},"ast-content-background-meta":{"desktop":{"background-color":"var(--ast-global-color-5)","background-image":"","background-repeat":"repeat","background-position":"center center","background-size":"auto","background-attachment":"scroll","background-type":"","background-media":"","overlay-type":"","overlay-color":"","overlay-opacity":"","overlay-gradient":""},"tablet":{"background-color":"var(--ast-global-color-5)","background-image":"","background-repeat":"repeat","background-position":"center center","background-size":"auto","background-attachment":"scroll","background-type":"","background-media":"","overlay-type":"","overlay-color":"","overlay-opacity":"","overlay-gradient":""},"mobile":{"background-color":"var(--ast-global-color-5)","background-image":"","background-repeat":"repeat","background-position":"center center","background-size":"auto","background-attachment":"scroll","background-type":"","background-media":"","overlay-type":"","overlay-color":"","overlay-opacity":"","overlay-gradient":""}},"footnotes":""},"class_list":["post-2975","page","type-page","status-publish","hentry"],"uagb_featured_image_src":{"full":false,"thumbnail":false,"medium":false,"medium_large":false,"large":false,"1536x1536":false,"2048x2048":false,"trp-custom-language-flag":false},"uagb_author_info":{"display_name":"user","author_link":"https:\/\/www.modixplastique.ca\/fr\/author\/user\/"},"uagb_comment_info":0,"uagb_excerpt":"Modix Plastique Inc. About us Modix Plastique Inc is manufacture of high-quality LDPE Reprocessed resins by operating a full treatment of Post-consumer plastic LDPE films collected by the recycling centres and other sources mainly in Qu\u00e9bec and across the North America. The mission of Modix is boosting the circular economy by giving a second life&hellip;","_links":{"self":[{"href":"https:\/\/www.modixplastique.ca\/fr\/wp-json\/wp\/v2\/pages\/2975","targetHints":{"allow":["GET"]}}],"collection":[{"href":"https:\/\/www.modixplastique.ca\/fr\/wp-json\/wp\/v2\/pages"}],"about":[{"href":"https:\/\/www.modixplastique.ca\/fr\/wp-json\/wp\/v2\/types\/page"}],"author":[{"embeddable":true,"href":"https:\/\/www.modixplastique.ca\/fr\/wp-json\/wp\/v2\/users\/1"}],"replies":[{"embeddable":true,"href":"https:\/\/www.modixplastique.ca\/fr\/wp-json\/wp\/v2\/comments?post=2975"}],"version-history":[{"count":31,"href":"https:\/\/www.modixplastique.ca\/fr\/wp-json\/wp\/v2\/pages\/2975\/revisions"}],"predecessor-version":[{"id":3115,"href":"https:\/\/www.modixplastique.ca\/fr\/wp-json\/wp\/v2\/pages\/2975\/revisions\/3115"}],"wp:attachment":[{"href":"https:\/\/www.modixplastique.ca\/fr\/wp-json\/wp\/v2\/media?parent=2975"}],"curies":[{"name":"wp","href":"https:\/\/api.w.org\/{rel}","templated":true}]}}